{"id":2501,"date":"2026-02-26T20:32:15","date_gmt":"2026-02-26T19:32:15","guid":{"rendered":"https:\/\/psi-isuiza.com\/web\/?page_id=2501"},"modified":"2026-03-04T09:06:05","modified_gmt":"2026-03-04T08:06:05","slug":"servicios","status":"publish","type":"page","link":"https:\/\/psi-isuiza.com\/web\/servicios\/","title":{"rendered":"Nuestros Servicios"},"content":{"rendered":"\t\t<div data-elementor-type=\"wp-page\" data-elementor-id=\"2501\" class=\"elementor elementor-2501\">\n\t\t\t\t<div class=\"elementor-element elementor-element-ddb47e5 e-grid e-con-boxed e-con e-parent\" data-id=\"ddb47e5\" data-element_type=\"container\" data-e-type=\"container\" data-settings=\"{&quot;background_background&quot;:&quot;classic&quot;}\">\n\t\t\t\t\t<div class=\"e-con-inner\">\n\t\t<div class=\"elementor-element elementor-element-66aba2c7 e-con-full e-flex e-con e-child\" data-id=\"66aba2c7\" data-element_type=\"container\" data-e-type=\"container\" data-settings=\"{&quot;background_background&quot;:&quot;classic&quot;}\">\n\t\t\t\t<div class=\"elementor-element elementor-element-54a906a elementor-widget elementor-widget-heading\" data-id=\"54a906a\" data-element_type=\"widget\" data-e-type=\"widget\" data-widget_type=\"heading.default\">\n\t\t\t\t<div class=\"elementor-widget-container\">\n\t\t\t\t\t<h2 class=\"elementor-heading-title elementor-size-default\"><a href=\"https:\/\/psi-isuiza.com\/web\/servicios\/sistema-de-agua-contra-incendios\/\">Sistema de agua<\/a><\/h2>\t\t\t\t<\/div>\n\t\t\t\t<\/div>\n\t\t\t\t<div class=\"elementor-element elementor-element-7d5901ab elementor-widget elementor-widget-heading\" data-id=\"7d5901ab\" data-element_type=\"widget\" data-e-type=\"widget\" data-widget_type=\"heading.default\">\n\t\t\t\t<div class=\"elementor-widget-container\">\n\t\t\t\t\t<h2 class=\"elementor-heading-title elementor-size-default\"><a href=\"https:\/\/psi-isuiza.com\/web\/servicios\/sistema-de-agua-contra-incendios\/\">Contra Incendios<\/a><\/h2>\t\t\t\t<\/div>\n\t\t\t\t<\/div>\n\t\t\t\t<\/div>\n\t\t<div class=\"elementor-element elementor-element-9e50073 e-con-full e-flex e-con e-child\" data-id=\"9e50073\" data-element_type=\"container\" data-e-type=\"container\" data-settings=\"{&quot;background_background&quot;:&quot;classic&quot;}\">\n\t\t\t\t<div class=\"elementor-element elementor-element-3509fcb elementor-widget elementor-widget-heading\" data-id=\"3509fcb\" data-element_type=\"widget\" data-e-type=\"widget\" data-widget_type=\"heading.default\">\n\t\t\t\t<div class=\"elementor-widget-container\">\n\t\t\t\t\t<h2 class=\"elementor-heading-title elementor-size-default\"><a href=\"https:\/\/psi-isuiza.com\/web\/servicios\/deteccion-y-alarmas-contra-incendios\/\">Detecci\u00f3n y alarmas<\/a><\/h2>\t\t\t\t<\/div>\n\t\t\t\t<\/div>\n\t\t\t\t<div class=\"elementor-element elementor-element-5b5e29a elementor-widget elementor-widget-heading\" data-id=\"5b5e29a\" data-element_type=\"widget\" data-e-type=\"widget\" data-widget_type=\"heading.default\">\n\t\t\t\t<div class=\"elementor-widget-container\">\n\t\t\t\t\t<h2 class=\"elementor-heading-title elementor-size-default\"><a href=\"https:\/\/psi-isuiza.com\/web\/servicios\/deteccion-y-alarmas-contra-incendios\/\">Contra Incendios<\/a><\/h2>\t\t\t\t<\/div>\n\t\t\t\t<\/div>\n\t\t\t\t<\/div>\n\t\t<div class=\"elementor-element elementor-element-1b05dace e-con-full e-flex e-con e-child\" data-id=\"1b05dace\" data-element_type=\"container\" data-e-type=\"container\" data-settings=\"{&quot;background_background&quot;:&quot;classic&quot;}\">\n\t\t\t\t<div class=\"elementor-element elementor-element-73e33a56 elementor-widget elementor-widget-heading\" data-id=\"73e33a56\" data-element_type=\"widget\" data-e-type=\"widget\" data-widget_type=\"heading.default\">\n\t\t\t\t<div class=\"elementor-widget-container\">\n\t\t\t\t\t<h2 class=\"elementor-heading-title elementor-size-default\"><a href=\"https:\/\/psi-isuiza.com\/web\/servicios\/obra-civil-contra-incendios\/\">Obra Civil<\/a><\/h2>\t\t\t\t<\/div>\n\t\t\t\t<\/div>\n\t\t\t\t<div class=\"elementor-element elementor-element-3783738c elementor-widget elementor-widget-heading\" data-id=\"3783738c\" data-element_type=\"widget\" data-e-type=\"widget\" data-widget_type=\"heading.default\">\n\t\t\t\t<div class=\"elementor-widget-container\">\n\t\t\t\t\t<h2 class=\"elementor-heading-title elementor-size-default\"><a href=\"https:\/\/psi-isuiza.com\/web\/servicios\/obra-civil-contra-incendios\/\">Contra Incendios<\/a><\/h2>\t\t\t\t<\/div>\n\t\t\t\t<\/div>\n\t\t\t\t<\/div>\n\t\t<div class=\"elementor-element elementor-element-7269fce e-con-full e-flex e-con e-child\" data-id=\"7269fce\" data-element_type=\"container\" data-e-type=\"container\" data-settings=\"{&quot;background_background&quot;:&quot;classic&quot;}\">\n\t\t\t\t<div class=\"elementor-element elementor-element-319cfbc2 elementor-widget elementor-widget-heading\" data-id=\"319cfbc2\" data-element_type=\"widget\" data-e-type=\"widget\" data-widget_type=\"heading.default\">\n\t\t\t\t<div class=\"elementor-widget-container\">\n\t\t\t\t\t<h2 class=\"elementor-heading-title elementor-size-default\"><a href=\"https:\/\/psi-isuiza.com\/web\/servicios\/diseno-ingenieria-y-supervision-de-proyectos-de-sistemas-contra-incendios\/\">Dise\u00f1o, Ingenier\u00eda y Supervisi\u00f3n de Proyectos<\/a><\/h2>\t\t\t\t<\/div>\n\t\t\t\t<\/div>\n\t\t\t\t<div class=\"elementor-element elementor-element-78b785b1 elementor-widget elementor-widget-heading\" data-id=\"78b785b1\" data-element_type=\"widget\" data-e-type=\"widget\" data-widget_type=\"heading.default\">\n\t\t\t\t<div class=\"elementor-widget-container\">\n\t\t\t\t\t<h2 class=\"elementor-heading-title elementor-size-default\"><a href=\"https:\/\/psi-isuiza.com\/web\/servicios\/diseno-ingenieria-y-supervision-de-proyectos-de-sistemas-contra-incendios\/\">Contra Incendios<\/a><\/h2>\t\t\t\t<\/div>\n\t\t\t\t<\/div>\n\t\t\t\t<\/div>\n\t\t<div class=\"elementor-element elementor-element-1de71711 e-con-full e-flex e-con e-child\" data-id=\"1de71711\" data-element_type=\"container\" data-e-type=\"container\" data-settings=\"{&quot;background_background&quot;:&quot;classic&quot;}\">\n\t\t\t\t<div class=\"elementor-element elementor-element-451e149f elementor-widget elementor-widget-heading\" data-id=\"451e149f\" data-element_type=\"widget\" data-e-type=\"widget\" data-widget_type=\"heading.default\">\n\t\t\t\t<div class=\"elementor-widget-container\">\n\t\t\t\t\t<h2 class=\"elementor-heading-title elementor-size-default\"><a href=\"https:\/\/psi-isuiza.com\/web\/servicios\/mantenimientos-de-sistemas-contra-incendios\/\">Mantenimiento Integral<\/a><\/h2>\t\t\t\t<\/div>\n\t\t\t\t<\/div>\n\t\t\t\t<div class=\"elementor-element elementor-element-31ffc85 elementor-widget elementor-widget-heading\" data-id=\"31ffc85\" data-element_type=\"widget\" data-e-type=\"widget\" data-widget_type=\"heading.default\">\n\t\t\t\t<div class=\"elementor-widget-container\">\n\t\t\t\t\t<h2 class=\"elementor-heading-title elementor-size-default\"><a href=\"https:\/\/psi-isuiza.com\/web\/servicios\/mantenimientos-de-sistemas-contra-incendios\/\">Contra Incendios<\/a><\/h2>\t\t\t\t<\/div>\n\t\t\t\t<\/div>\n\t\t\t\t<\/div>\n\t\t<div class=\"elementor-element elementor-element-52d3dcd4 e-con-full e-flex e-con e-child\" data-id=\"52d3dcd4\" data-element_type=\"container\" data-e-type=\"container\" data-settings=\"{&quot;background_background&quot;:&quot;classic&quot;}\">\n\t\t\t\t<div class=\"elementor-element elementor-element-1cb75cbd elementor-widget elementor-widget-heading\" data-id=\"1cb75cbd\" data-element_type=\"widget\" data-e-type=\"widget\" data-widget_type=\"heading.default\">\n\t\t\t\t<div class=\"elementor-widget-container\">\n\t\t\t\t\t<h2 class=\"elementor-heading-title elementor-size-default\"><a href=\"https:\/\/psi-isuiza.com\/web\/servicios\/servicio-post-venta-contra-incendios\/\">Servicios Post Venta<\/a><\/h2>\t\t\t\t<\/div>\n\t\t\t\t<\/div>\n\t\t\t\t<div class=\"elementor-element elementor-element-299fd81c elementor-widget elementor-widget-heading\" data-id=\"299fd81c\" data-element_type=\"widget\" data-e-type=\"widget\" data-widget_type=\"heading.default\">\n\t\t\t\t<div class=\"elementor-widget-container\">\n\t\t\t\t\t<h2 class=\"elementor-heading-title elementor-size-default\"><a href=\"https:\/\/psi-isuiza.com\/web\/servicios\/servicio-post-venta-contra-incendios\/\">Contra Incendios<\/a><\/h2>\t\t\t\t<\/div>\n\t\t\t\t<\/div>\n\t\t\t\t<\/div>\n\t\t\t\t\t<\/div>\n\t\t\t\t<\/div>\n\t\t\t\t<\/div>\n\t\t","protected":false},"excerpt":{"rendered":"<p>Sistema de agua Contra Incendios Detecci\u00f3n y alarmas Contra Incendios Obra Civil Contra Incendios Dise\u00f1o, Ingenier\u00eda y Supervisi\u00f3n de Proyectos Contra Incendios Mantenimiento Integral Contra Incendios Servicios Post Venta Contra Incendios<\/p>\n","protected":false},"author":3,"featured_media":2363,"parent":0,"menu_order":0,"comment_status":"closed","ping_status":"closed","template":"","meta":{"_kad_post_transparent":"","_kad_post_title":"default","_kad_post_layout":"fullwidth","_kad_post_sidebar_id":"","_kad_post_content_style":"unboxed","_kad_post_vertical_padding":"hide","_kad_post_feature":"hide","_kad_post_feature_position":"","_kad_post_header":false,"_kad_post_footer":false,"_joinchat":[],"footnotes":""},"class_list":["post-2501","page","type-page","status-publish","has-post-thumbnail","hentry"],"yoast_head":"<!-- This site is optimized with the Yoast SEO plugin v27.0 - https:\/\/yoast.com\/product\/yoast-seo-wordpress\/ -->\n<title>Nuestros Servicios - PSI- ISUIZA<\/title>\n<meta name=\"robots\" content=\"index, follow, max-snippet:-1, max-image-preview:large, max-video-preview:-1\" \/>\n<link rel=\"canonical\" href=\"https:\/\/psi-isuiza.com\/web\/servicios\/\" \/>\n<meta property=\"og:locale\" content=\"es_ES\" \/>\n<meta property=\"og:type\" content=\"article\" \/>\n<meta property=\"og:title\" content=\"Nuestros Servicios - PSI- ISUIZA\" \/>\n<meta property=\"og:description\" content=\"Sistema de agua Contra Incendios Detecci\u00f3n y alarmas Contra Incendios Obra Civil Contra Incendios Dise\u00f1o, Ingenier\u00eda y Supervisi\u00f3n de Proyectos Contra Incendios Mantenimiento Integral Contra Incendios Servicios Post Venta Contra Incendios\" \/>\n<meta property=\"og:url\" content=\"https:\/\/psi-isuiza.com\/web\/servicios\/\" \/>\n<meta property=\"og:site_name\" content=\"PSI- ISUIZA\" \/>\n<meta property=\"article:modified_time\" content=\"2026-03-04T08:06:05+00:00\" \/>\n<meta name=\"twitter:card\" content=\"summary_large_image\" \/>\n<meta name=\"twitter:label1\" content=\"Tiempo de lectura\" \/>\n\t<meta name=\"twitter:data1\" content=\"1 minuto\" \/>\n<script type=\"application\/ld+json\" class=\"yoast-schema-graph\">{\"@context\":\"https:\/\/schema.org\",\"@graph\":[{\"@type\":\"WebPage\",\"@id\":\"https:\/\/psi-isuiza.com\/web\/servicios\/\",\"url\":\"https:\/\/psi-isuiza.com\/web\/servicios\/\",\"name\":\"Nuestros Servicios - PSI- ISUIZA\",\"isPartOf\":{\"@id\":\"https:\/\/psi-isuiza.com\/web\/#website\"},\"primaryImageOfPage\":{\"@id\":\"https:\/\/psi-isuiza.com\/web\/servicios\/#primaryimage\"},\"image\":{\"@id\":\"https:\/\/psi-isuiza.com\/web\/servicios\/#primaryimage\"},\"thumbnailUrl\":\"https:\/\/psi-isuiza.com\/web\/wp-content\/uploads\/2026\/02\/empresa-isuiza.avif\",\"datePublished\":\"2026-02-26T19:32:15+00:00\",\"dateModified\":\"2026-03-04T08:06:05+00:00\",\"breadcrumb\":{\"@id\":\"https:\/\/psi-isuiza.com\/web\/servicios\/#breadcrumb\"},\"inLanguage\":\"es\",\"potentialAction\":[{\"@type\":\"ReadAction\",\"target\":[\"https:\/\/psi-isuiza.com\/web\/servicios\/\"]}]},{\"@type\":\"ImageObject\",\"inLanguage\":\"es\",\"@id\":\"https:\/\/psi-isuiza.com\/web\/servicios\/#primaryimage\",\"url\":\"https:\/\/psi-isuiza.com\/web\/wp-content\/uploads\/2026\/02\/empresa-isuiza.avif\",\"contentUrl\":\"https:\/\/psi-isuiza.com\/web\/wp-content\/uploads\/2026\/02\/empresa-isuiza.avif\",\"width\":1700,\"height\":1087},{\"@type\":\"BreadcrumbList\",\"@id\":\"https:\/\/psi-isuiza.com\/web\/servicios\/#breadcrumb\",\"itemListElement\":[{\"@type\":\"ListItem\",\"position\":1,\"name\":\"Portada\",\"item\":\"https:\/\/psi-isuiza.com\/web\/\"},{\"@type\":\"ListItem\",\"position\":2,\"name\":\"Nuestros Servicios\"}]},{\"@type\":\"WebSite\",\"@id\":\"https:\/\/psi-isuiza.com\/web\/#website\",\"url\":\"https:\/\/psi-isuiza.com\/web\/\",\"name\":\"PSI- ISUIZA\",\"description\":\"Protecci\u00f3n y servicios integrales\",\"publisher\":{\"@id\":\"https:\/\/psi-isuiza.com\/web\/#organization\"},\"potentialAction\":[{\"@type\":\"SearchAction\",\"target\":{\"@type\":\"EntryPoint\",\"urlTemplate\":\"https:\/\/psi-isuiza.com\/web\/?s={search_term_string}\"},\"query-input\":{\"@type\":\"PropertyValueSpecification\",\"valueRequired\":true,\"valueName\":\"search_term_string\"}}],\"inLanguage\":\"es\"},{\"@type\":\"Organization\",\"@id\":\"https:\/\/psi-isuiza.com\/web\/#organization\",\"name\":\"PSI- ISUIZA\",\"url\":\"https:\/\/psi-isuiza.com\/web\/\",\"logo\":{\"@type\":\"ImageObject\",\"inLanguage\":\"es\",\"@id\":\"https:\/\/psi-isuiza.com\/web\/#\/schema\/logo\/image\/\",\"url\":\"https:\/\/psi-isuiza.com\/web\/wp-content\/uploads\/2026\/02\/logo-psi-isuiza-scaled.webp\",\"contentUrl\":\"https:\/\/psi-isuiza.com\/web\/wp-content\/uploads\/2026\/02\/logo-psi-isuiza-scaled.webp\",\"width\":2560,\"height\":735,\"caption\":\"PSI- ISUIZA\"},\"image\":{\"@id\":\"https:\/\/psi-isuiza.com\/web\/#\/schema\/logo\/image\/\"}}]}<\/script>\n<!-- \/ Yoast SEO plugin. -->","yoast_head_json":{"title":"Nuestros Servicios - PSI- ISUIZA","robots":{"index":"index","follow":"follow","max-snippet":"max-snippet:-1","max-image-preview":"max-image-preview:large","max-video-preview":"max-video-preview:-1"},"canonical":"https:\/\/psi-isuiza.com\/web\/servicios\/","og_locale":"es_ES","og_type":"article","og_title":"Nuestros Servicios - PSI- ISUIZA","og_description":"Sistema de agua Contra Incendios Detecci\u00f3n y alarmas Contra Incendios Obra Civil Contra Incendios Dise\u00f1o, Ingenier\u00eda y Supervisi\u00f3n de Proyectos Contra Incendios Mantenimiento Integral Contra Incendios Servicios Post Venta Contra Incendios","og_url":"https:\/\/psi-isuiza.com\/web\/servicios\/","og_site_name":"PSI- ISUIZA","article_modified_time":"2026-03-04T08:06:05+00:00","twitter_card":"summary_large_image","twitter_misc":{"Tiempo de lectura":"1 minuto"},"schema":{"@context":"https:\/\/schema.org","@graph":[{"@type":"WebPage","@id":"https:\/\/psi-isuiza.com\/web\/servicios\/","url":"https:\/\/psi-isuiza.com\/web\/servicios\/","name":"Nuestros Servicios - PSI- ISUIZA","isPartOf":{"@id":"https:\/\/psi-isuiza.com\/web\/#website"},"primaryImageOfPage":{"@id":"https:\/\/psi-isuiza.com\/web\/servicios\/#primaryimage"},"image":{"@id":"https:\/\/psi-isuiza.com\/web\/servicios\/#primaryimage"},"thumbnailUrl":"https:\/\/psi-isuiza.com\/web\/wp-content\/uploads\/2026\/02\/empresa-isuiza.avif","datePublished":"2026-02-26T19:32:15+00:00","dateModified":"2026-03-04T08:06:05+00:00","breadcrumb":{"@id":"https:\/\/psi-isuiza.com\/web\/servicios\/#breadcrumb"},"inLanguage":"es","potentialAction":[{"@type":"ReadAction","target":["https:\/\/psi-isuiza.com\/web\/servicios\/"]}]},{"@type":"ImageObject","inLanguage":"es","@id":"https:\/\/psi-isuiza.com\/web\/servicios\/#primaryimage","url":"https:\/\/psi-isuiza.com\/web\/wp-content\/uploads\/2026\/02\/empresa-isuiza.avif","contentUrl":"https:\/\/psi-isuiza.com\/web\/wp-content\/uploads\/2026\/02\/empresa-isuiza.avif","width":1700,"height":1087},{"@type":"BreadcrumbList","@id":"https:\/\/psi-isuiza.com\/web\/servicios\/#breadcrumb","itemListElement":[{"@type":"ListItem","position":1,"name":"Portada","item":"https:\/\/psi-isuiza.com\/web\/"},{"@type":"ListItem","position":2,"name":"Nuestros Servicios"}]},{"@type":"WebSite","@id":"https:\/\/psi-isuiza.com\/web\/#website","url":"https:\/\/psi-isuiza.com\/web\/","name":"PSI- ISUIZA","description":"Protecci\u00f3n y servicios integrales","publisher":{"@id":"https:\/\/psi-isuiza.com\/web\/#organization"},"potentialAction":[{"@type":"SearchAction","target":{"@type":"EntryPoint","urlTemplate":"https:\/\/psi-isuiza.com\/web\/?s={search_term_string}"},"query-input":{"@type":"PropertyValueSpecification","valueRequired":true,"valueName":"search_term_string"}}],"inLanguage":"es"},{"@type":"Organization","@id":"https:\/\/psi-isuiza.com\/web\/#organization","name":"PSI- ISUIZA","url":"https:\/\/psi-isuiza.com\/web\/","logo":{"@type":"ImageObject","inLanguage":"es","@id":"https:\/\/psi-isuiza.com\/web\/#\/schema\/logo\/image\/","url":"https:\/\/psi-isuiza.com\/web\/wp-content\/uploads\/2026\/02\/logo-psi-isuiza-scaled.webp","contentUrl":"https:\/\/psi-isuiza.com\/web\/wp-content\/uploads\/2026\/02\/logo-psi-isuiza-scaled.webp","width":2560,"height":735,"caption":"PSI- ISUIZA"},"image":{"@id":"https:\/\/psi-isuiza.com\/web\/#\/schema\/logo\/image\/"}}]}},"_links":{"self":[{"href":"https:\/\/psi-isuiza.com\/web\/wp-json\/wp\/v2\/pages\/2501","targetHints":{"allow":["GET"]}}],"collection":[{"href":"https:\/\/psi-isuiza.com\/web\/wp-json\/wp\/v2\/pages"}],"about":[{"href":"https:\/\/psi-isuiza.com\/web\/wp-json\/wp\/v2\/types\/page"}],"author":[{"embeddable":true,"href":"https:\/\/psi-isuiza.com\/web\/wp-json\/wp\/v2\/users\/3"}],"replies":[{"embeddable":true,"href":"https:\/\/psi-isuiza.com\/web\/wp-json\/wp\/v2\/comments?post=2501"}],"version-history":[{"count":63,"href":"https:\/\/psi-isuiza.com\/web\/wp-json\/wp\/v2\/pages\/2501\/revisions"}],"predecessor-version":[{"id":3024,"href":"https:\/\/psi-isuiza.com\/web\/wp-json\/wp\/v2\/pages\/2501\/revisions\/3024"}],"wp:featuredmedia":[{"embeddable":true,"href":"https:\/\/psi-isuiza.com\/web\/wp-json\/wp\/v2\/media\/2363"}],"wp:attachment":[{"href":"https:\/\/psi-isuiza.com\/web\/wp-json\/wp\/v2\/media?parent=2501"}],"curies":[{"name":"wp","href":"https:\/\/api.w.org\/{rel}","templated":true}]}}